{"id":8149,"date":"2018-07-12T20:42:25","date_gmt":"2018-07-12T20:42:25","guid":{"rendered":"http:\/\/demo15.houzez.co\/?page_id=8149"},"modified":"2026-03-28T15:52:20","modified_gmt":"2026-03-28T15:52:20","slug":"habla-con-un-experto","status":"publish","type":"page","link":"https:\/\/armirealestate.com\/en\/habla-con-un-experto\/","title":{"rendered":"Habla con un experto"},"content":{"rendered":"<div data-elementor-type=\"wp-post\" data-elementor-id=\"8149\" class=\"elementor elementor-8149\" data-elementor-post-type=\"page\">\n\t\t\t\t\t\t<section class=\"elementor-section elementor-top-section elementor-element elementor-element-246b107 elementor-section-stretched elementor-section-content-middle elementor-section-height-full elementor-section-boxed elementor-section-height-default elementor-section-items-middle\" data-id=\"246b107\" data-element_type=\"section\" data-e-type=\"section\" data-settings=\"{&quot;stretch_section&quot;:&quot;section-stretched&quot;,&quot;background_background&quot;:&quot;classic&quot;}\">\n\t\t\t\t\t\t\t<div class=\"elementor-background-overlay\"><\/div>\n\t\t\t\t\t\t\t<div class=\"elementor-container elementor-column-gap-default\">\n\t\t\t\t\t<div class=\"elementor-column elementor-col-100 elementor-top-column elementor-element elementor-element-18f9be0 elementor-invisible\" data-id=\"18f9be0\" data-element_type=\"column\" data-e-type=\"column\" data-settings=\"{&quot;animation&quot;:&quot;fadeIn&quot;}\">\n\t\t\t<div class=\"elementor-widget-wrap elementor-element-populated\">\n\t\t\t\t\t\t<div class=\"elementor-element elementor-element-47aea8f elementor-widget elementor-widget-spacer\" data-id=\"47aea8f\" data-element_type=\"widget\" data-e-type=\"widget\" data-widget_type=\"spacer.default\">\n\t\t\t\t\t\t\t<div class=\"elementor-spacer\">\n\t\t\t<div class=\"elementor-spacer-inner\"><\/div>\n\t\t<\/div>\n\t\t\t\t\t\t<\/div>\n\t\t\t\t<div class=\"elementor-element elementor-element-387f846 elementor-widget elementor-widget-spacer\" data-id=\"387f846\" data-element_type=\"widget\" data-e-type=\"widget\" data-widget_type=\"spacer.default\">\n\t\t\t\t\t\t\t<div class=\"elementor-spacer\">\n\t\t\t<div class=\"elementor-spacer-inner\"><\/div>\n\t\t<\/div>\n\t\t\t\t\t\t<\/div>\n\t\t\t\t<div class=\"elementor-element elementor-element-de74970 elementor-widget elementor-widget-houzez_elementor_section_title\" data-id=\"de74970\" data-element_type=\"widget\" data-e-type=\"widget\" data-widget_type=\"houzez_elementor_section_title.default\">\n\t\t\t\t<div class=\"elementor-widget-container\">\n\t\t\t\t\t            <div class=\"houzez_section_title_wrap section-title-module\">\n                                    <h2 class=\"houzez_section_title\">\u00bfHablamos de tus planes inmobiliarios?<\/h2>\n                \n                                    <p class=\"houzez_section_subtitle\">Nuestro equipo de expertos en Armi Real Estate est\u00e1 listo para asesorarte. Ya sea que quieras vender al mejor precio o encontrar la casa de tus sue\u00f1os, te respondemos en menos de 24 horas.<\/p>\n                            <\/div>\n            \t\t\t\t<\/div>\n\t\t\t\t<\/div>\n\t\t\t\t<section class=\"elementor-section elementor-inner-section elementor-element elementor-element-fe38c7f elementor-section-content-middle elementor-section-full_width elementor-section-height-default elementor-section-height-default\" data-id=\"fe38c7f\" data-element_type=\"section\" data-e-type=\"section\">\n\t\t\t\t\t\t<div class=\"elementor-container elementor-column-gap-default\">\n\t\t\t\t\t<div class=\"elementor-column elementor-col-50 elementor-inner-column elementor-element elementor-element-83e23a4\" data-id=\"83e23a4\" data-element_type=\"column\" data-e-type=\"column\">\n\t\t\t<div class=\"elementor-widget-wrap elementor-element-populated\">\n\t\t\t\t\t\t<div class=\"elementor-element elementor-element-6cbcd09 elementor-widget-mobile__width-initial elementor-button-align-stretch elementor-widget elementor-widget-houzez_elementor_contact_form\" data-id=\"6cbcd09\" data-element_type=\"widget\" data-e-type=\"widget\" data-widget_type=\"houzez_elementor_contact_form.default\">\n\t\t\t\t<div class=\"elementor-widget-container\">\n\t\t\t\t\t\n        <script type=\"application\/javascript\">\n            jQuery(document).bind(\"ready\", function () {\n                houzezValidateElementor(\"#houzez-form-6cbcd09\" );\n            });\n        <\/script>\n\n        <form class=\"elementor-form houzez-ele-form-js\" id=\"houzez-form-6cbcd09\" method=\"post\" name=\"New Form\" action=\"https:\/\/armirealestate.com\/wp-admin\/admin-ajax.php\">\n            <input type=\"hidden\" name=\"form_id\" value=\"6cbcd09\"\/>\n            <input type=\"hidden\" name=\"houzez_contact_form\" value=\"yes\"\/>\n            <input type=\"hidden\" name=\"action\" value=\"houzez_ele_contact_form\" \/>\n            <input type=\"hidden\" name=\"source_link\" value=\"https:\/\/armirealestate.com\/en\/habla-con-un-experto\/\" \/>\n            <input type=\"hidden\" name=\"lead_page_id\" value=\"8149\" \/>\n            <input type=\"hidden\" name=\"webhook\" value=\"false\" \/>\n            <input type=\"hidden\" name=\"webhook_url\" value=\"\" \/>\n            <input type=\"hidden\" name=\"redirect_to\" value=\"\" \/>\n            <input type=\"hidden\" name=\"google_recaptcha\" value=\"false\" \/>\n            \n\n            <div class=\"elementor-form-fields-wrapper elementor-labels-above\">\n\n                                    <div class=\"elementor-field-group elementor-column form-group elementor-field-group-bf18955 elementor-col-100 elementor-field-required elementor-mark-required\">\n                    <label for=\"form-field-bf18955\" class=\"form-label elementor-field-label\">Nombre<\/label><input type=\"text\" name=\"name\" id=\"form-field-bf18955\" class=\"elementor-field form-control elementor-size-sm elementor-field-textual\" placeholder=\"Escribe tu nombre completo\" title=\"* Nombre\" required=\"required\">                    <\/div>\n\n                                        <div class=\"elementor-field-group elementor-column form-group elementor-field-group-email elementor-col-100 elementor-field-required elementor-mark-required\">\n                    <label for=\"form-field-email\" class=\"form-label elementor-field-label\">Email<\/label><input type=\"email\" name=\"email\" id=\"form-field-email\" class=\"elementor-field form-control elementor-size-sm elementor-field-textual\" placeholder=\"Correo electr\u00f3nico\" title=\"* Email\" required=\"required\">                    <\/div>\n\n                                        <div class=\"elementor-field-group elementor-column form-group elementor-field-group-d7b83bf elementor-col-50\">\n                    <label for=\"form-field-d7b83bf\" class=\"form-label elementor-field-label\">Tel\u00e9fono<\/label><input type=\"text\" name=\"mobile\" id=\"form-field-d7b83bf\" class=\"elementor-field form-control elementor-size-sm elementor-field-textual\" placeholder=\"Tel\u00e9fono de contacto\" title=\"* Tel\u00e9fono\">                    <\/div>\n\n                                        <div class=\"elementor-field-group elementor-column form-group elementor-field-group-1618b6b elementor-col-50\">\n                    <label for=\"form-field-1618b6b\" class=\"form-label elementor-field-label\">C\u00f3digo Postal<\/label><input type=\"text\" name=\"zip\" id=\"form-field-1618b6b\" class=\"elementor-field form-control elementor-size-sm elementor-field-textual\" placeholder=\"C\u00f3digo Postal (o Ciudad)\" title=\"* C\u00f3digo Postal\">                    <\/div>\n\n                                        <div class=\"elementor-field-group elementor-column form-group elementor-field-group-message elementor-col-100 elementor-field-required elementor-mark-required\">\n                    <label for=\"form-field-message\" class=\"form-label elementor-field-label\">Mensaje<\/label><textarea class=\"elementor-field-textual elementor-field elementor-size-sm\" name=\"message\" id=\"form-field-message\" rows=\"4\" placeholder=\"\u00bfEn qu\u00e9 podemos ayudarte? (Venta, compra, tasaci\u00f3n...)\" required=\"required\" title=\"* Mensaje\"><\/textarea>                    <\/div>\n\n                    \n                    \n                    \n                    <div class=\"form-group elementor-field-group elementor-col-100\">\n                        <label class=\"control control--checkbox m-0\">\n                                                        <input required type=\"checkbox\" name=\"gdpr_agreement\" id=\"gdpr_agreement\" aria-required=\"true\">\n                            <span class=\"control__indicator\"><\/span>\n                                                        <div class=\"gdpr-text-wrap\">\n                            He le\u00eddo y acepto la Pol\u00edtica de Privacidad.                            <\/div>\n                            \n                        <\/label>\n                    <\/div><!-- form-group -->\n                    \n                    \n                    \n                    <div class=\"elementor-field-group elementor-column elementor-field-type-submit elementor-col-100\">\n                    <button type=\"submit\" class=\"houzez-submit-button houzez-contact-form-js elementor-button elementor-size-sm\">\n                        <i class=\"houzez-loader-js houzez-hidden spinner-border spinner-border-sm\"><\/i>\n                                                    Enviar consulta                                            <\/button>\n                <\/div>\n            <\/div><!-- End wrapper-->\n            <br\/>\n            <div class=\"ele-form-messages\"><\/div>\n            <div class=\"error-container\"><\/div>\n\n        <\/form>\n\n    \t\t\t\t<\/div>\n\t\t\t\t<\/div>\n\t\t\t\t\t<\/div>\n\t\t<\/div>\n\t\t\t\t<div class=\"elementor-column elementor-col-50 elementor-inner-column elementor-element elementor-element-3d721e8\" data-id=\"3d721e8\" data-element_type=\"column\" data-e-type=\"column\">\n\t\t\t<div class=\"elementor-widget-wrap elementor-element-populated\">\n\t\t\t\t\t\t<div class=\"elementor-element elementor-element-2fc8f9f3 elementor-widget elementor-widget-text-editor\" data-id=\"2fc8f9f3\" data-element_type=\"widget\" data-e-type=\"widget\" data-widget_type=\"text-editor.default\">\n\t\t\t\t\t\t\t\t\t<p class=\"padding-top\"><strong>Para consultas directas:<\/strong><\/p><p><b>Elizabeth Perea<br \/><\/b>Agente Inmobiliario<br \/>info@armirealestate.com<br \/>+34 604 99 23 71<\/p>\t\t\t\t\t\t\t\t<\/div>\n\t\t\t\t\t<\/div>\n\t\t<\/div>\n\t\t\t\t\t<\/div>\n\t\t<\/section>\n\t\t\t\t<div class=\"elementor-element elementor-element-ab83053 elementor-widget elementor-widget-spacer\" data-id=\"ab83053\" data-element_type=\"widget\" data-e-type=\"widget\" data-widget_type=\"spacer.default\">\n\t\t\t\t\t\t\t<div class=\"elementor-spacer\">\n\t\t\t<div class=\"elementor-spacer-inner\"><\/div>\n\t\t<\/div>\n\t\t\t\t\t\t<\/div>\n\t\t\t\t\t<\/div>\n\t\t<\/div>\n\t\t\t\t\t<\/div>\n\t\t<\/section>\n\t\t\t\t<\/div>","protected":false},"excerpt":{"rendered":"<p>\u00bfHablamos de tus planes inmobiliarios? Nuestro equipo de expertos en Armi Real Estate est\u00e1 listo para asesorarte. Ya sea que quieras vender al mejor precio o encontrar la casa de tus sue\u00f1os, te respondemos en menos de 24 horas. Nombre Email Tel\u00e9fono C\u00f3digo Postal Mensaje He le\u00eddo y acepto la Pol\u00edtica de Privacidad. Enviar consulta [&hellip;]<\/p>\n","protected":false},"author":1,"featured_media":0,"parent":0,"menu_order":0,"comment_status":"closed","ping_status":"closed","template":"elementor_header_footer","meta":{"_uag_custom_page_level_css":"","footnotes":""},"class_list":["post-8149","page","type-page","status-publish","hentry"],"aioseo_notices":[],"uagb_featured_image_src":{"full":false,"thumbnail":false,"medium":false,"medium_large":false,"large":false,"1536x1536":false,"2048x2048":false,"trp-custom-language-flag":false,"houzez-gallery":false,"houzez-top-v7":false,"houzez-item-image-6":false},"uagb_author_info":{"display_name":"adriandiblasi88@gmail.com","author_link":"https:\/\/armirealestate.com\/en\/author\/adriandiblasi88gmail-com\/"},"uagb_comment_info":0,"uagb_excerpt":"\u00bfHablamos de tus planes inmobiliarios? Nuestro equipo de expertos en Armi Real Estate est\u00e1 listo para asesorarte. Ya sea que quieras vender al mejor precio o encontrar la casa de tus sue\u00f1os, te respondemos en menos de 24 horas. Nombre Email Tel\u00e9fono C\u00f3digo Postal Mensaje He le\u00eddo y acepto la Pol\u00edtica de Privacidad. Enviar consulta&hellip;","_links":{"self":[{"href":"https:\/\/armirealestate.com\/en\/wp-json\/wp\/v2\/pages\/8149","targetHints":{"allow":["GET"]}}],"collection":[{"href":"https:\/\/armirealestate.com\/en\/wp-json\/wp\/v2\/pages"}],"about":[{"href":"https:\/\/armirealestate.com\/en\/wp-json\/wp\/v2\/types\/page"}],"author":[{"embeddable":true,"href":"https:\/\/armirealestate.com\/en\/wp-json\/wp\/v2\/users\/1"}],"replies":[{"embeddable":true,"href":"https:\/\/armirealestate.com\/en\/wp-json\/wp\/v2\/comments?post=8149"}],"version-history":[{"count":49,"href":"https:\/\/armirealestate.com\/en\/wp-json\/wp\/v2\/pages\/8149\/revisions"}],"predecessor-version":[{"id":9039,"href":"https:\/\/armirealestate.com\/en\/wp-json\/wp\/v2\/pages\/8149\/revisions\/9039"}],"wp:attachment":[{"href":"https:\/\/armirealestate.com\/en\/wp-json\/wp\/v2\/media?parent=8149"}],"curies":[{"name":"wp","href":"https:\/\/api.w.org\/{rel}","templated":true}]}}