{"id":7942,"date":"2018-07-11T19:11:19","date_gmt":"2018-07-11T19:11:19","guid":{"rendered":"http:\/\/demo15.houzez.co\/?page_id=7942"},"modified":"2026-03-28T20:52:59","modified_gmt":"2026-03-28T20:52:59","slug":"get-started","status":"publish","type":"page","link":"https:\/\/armirealestate.com\/en\/get-started\/","title":{"rendered":"Get Started"},"content":{"rendered":"\t\t<div data-elementor-type=\"wp-post\" data-elementor-id=\"7942\" class=\"elementor elementor-7942\" data-elementor-post-type=\"page\">\n\t\t\t\t\t\t<section class=\"elementor-section elementor-top-section elementor-element elementor-element-1fa306b3 elementor-section-stretched elementor-section-content-middle elementor-section-boxed elementor-section-height-default elementor-section-height-default\" data-id=\"1fa306b3\" data-element_type=\"section\" data-e-type=\"section\" data-settings=\"{&quot;stretch_section&quot;:&quot;section-stretched&quot;,&quot;background_background&quot;:&quot;classic&quot;}\">\n\t\t\t\t\t\t\t<div class=\"elementor-background-overlay\"><\/div>\n\t\t\t\t\t\t\t<div class=\"elementor-container elementor-column-gap-default\">\n\t\t\t\t\t<div class=\"elementor-column elementor-col-100 elementor-top-column elementor-element elementor-element-3b4503b1 elementor-invisible\" data-id=\"3b4503b1\" data-element_type=\"column\" data-e-type=\"column\" data-settings=\"{&quot;animation&quot;:&quot;fadeIn&quot;}\">\n\t\t\t<div class=\"elementor-widget-wrap elementor-element-populated\">\n\t\t\t\t\t\t<div class=\"elementor-element elementor-element-347eaeb elementor-widget elementor-widget-spacer\" data-id=\"347eaeb\" data-element_type=\"widget\" data-e-type=\"widget\" data-widget_type=\"spacer.default\">\n\t\t\t\t\t\t\t<div class=\"elementor-spacer\">\n\t\t\t<div class=\"elementor-spacer-inner\"><\/div>\n\t\t<\/div>\n\t\t\t\t\t\t<\/div>\n\t\t\t\t<div class=\"elementor-element elementor-element-899927b elementor-widget elementor-widget-spacer\" data-id=\"899927b\" data-element_type=\"widget\" data-e-type=\"widget\" data-widget_type=\"spacer.default\">\n\t\t\t\t\t\t\t<div class=\"elementor-spacer\">\n\t\t\t<div class=\"elementor-spacer-inner\"><\/div>\n\t\t<\/div>\n\t\t\t\t\t\t<\/div>\n\t\t\t\t<div class=\"elementor-element elementor-element-a8baccf elementor-widget elementor-widget-houzez_elementor_section_title\" data-id=\"a8baccf\" data-element_type=\"widget\" data-e-type=\"widget\" data-widget_type=\"houzez_elementor_section_title.default\">\n\t\t\t\t<div class=\"elementor-widget-container\">\n\t\t\t\t\t            <div class=\"houzez_section_title_wrap section-title-module\">\n                                    <h2 class=\"houzez_section_title\">\u00bfCu\u00e1nto vale mi casa?<\/h2>\n                \n                                    <p class=\"houzez_section_subtitle\">Obt\u00e9n una valoraci\u00f3n precisa de tu propiedad en pocos minutos. Nuestro equipo de expertos analizar\u00e1 el mercado actual para darte el precio real de venta.<\/p>\n                            <\/div>\n            \t\t\t\t<\/div>\n\t\t\t\t<\/div>\n\t\t\t\t<div class=\"elementor-element elementor-element-21330f8 elementor-widget elementor-widget-spacer\" data-id=\"21330f8\" data-element_type=\"widget\" data-e-type=\"widget\" data-widget_type=\"spacer.default\">\n\t\t\t\t\t\t\t<div class=\"elementor-spacer\">\n\t\t\t<div class=\"elementor-spacer-inner\"><\/div>\n\t\t<\/div>\n\t\t\t\t\t\t<\/div>\n\t\t\t\t<div class=\"elementor-element elementor-element-6f943d66 elementor-button-align-stretch elementor-widget elementor-widget-houzez_elementor_inquiry_form\" data-id=\"6f943d66\" data-element_type=\"widget\" data-e-type=\"widget\" data-widget_type=\"houzez_elementor_inquiry_form.default\">\n\t\t\t\t<div class=\"elementor-widget-container\">\n\t\t\t\t\t\n        <script type=\"application\/javascript\">\n            jQuery(document).bind(\"ready\", function () {\n                houzezValidateElementor(\"#houzez-form-6f943d66\" );\n            });\n        <\/script>\n\n\n        <form class=\"elementor-form houzez-ele-form-js\" id=\"houzez-form-6f943d66\" method=\"post\" name=\"New Form\" action=\"https:\/\/armirealestate.com\/wp-admin\/admin-ajax.php\">\n            <input type=\"hidden\" name=\"form_id\" value=\"6f943d66\"\/>\n            <input type=\"hidden\" name=\"action\" value=\"houzez_ele_inquiry_form\" \/>\n            <input type=\"hidden\" name=\"source_link\" value=\"https:\/\/armirealestate.com\/en\/get-started\/\" \/>\n            <input type=\"hidden\" name=\"lead_page_id\" value=\"7942\" \/>\n            <input type=\"hidden\" name=\"is_estimation\" value=\"yes\" \/>\n            <input type=\"hidden\" name=\"webhook\" value=\"false\" \/>\n            <input type=\"hidden\" name=\"webhook_url\" value=\"\" \/>\n            <input type=\"hidden\" name=\"redirect_to\" value=\"\" \/>\n            <input type=\"hidden\" name=\"email_subject\" value=\"New message from &quot;Houzez 01&quot;\" \/>\n            <input type=\"hidden\" name=\"google_recaptcha\" value=\"false\" \/>\n\n            <div class=\"elementor-form-fields-wrapper elementor-labels-above\">\n\n                                    <div class=\"elementor-field-group elementor-column form-group elementor-field-group-ba6c34c elementor-col-100 elementor-field-required\">\n                    <label for=\"form-field-ba6c34c\" class=\"form-label elementor-field-label\">Tipo de Propiedad<\/label>        <div class=\"elementor-field elementor-select-wrapper\">\n            <select name=\"e_meta[property_type]\" id=\"form-field-ba6c34c\" class=\"elementor-field-textual form-control elementor-size-md\" required=\"required\" title=\"* Tipo de Propiedad\">\n                <option value=\"casa\"> Casa<\/option><option value=\"chalet\"> Chalet<\/option><option value=\"edificio\"> Edificio<\/option><option value=\"local-comercial\"> Local Comercial<\/option><option value=\"oficina\"> Oficina<\/option><option value=\"parking\"> Parking<\/option><option value=\"piso\"> Piso<\/option><option value=\"terreno\"> Terreno<\/option>            <\/select>\n        <\/div>\n                            <\/div>\n\n                                        <div class=\"elementor-field-group elementor-column form-group elementor-field-group-b7fe77d elementor-col-100 elementor-field-required\">\n                    <label for=\"form-field-b7fe77d\" class=\"form-label elementor-field-label\">Informaci\u00f3n<\/label>        <div class=\"elementor-field elementor-select-wrapper\">\n            <select name=\"user_type\" id=\"form-field-b7fe77d\" class=\"elementor-field-textual form-control elementor-size-md\" required=\"required\" title=\"* Informaci\u00f3n\">\n                <option value=\"\">Yo soy<\/option><option value=\" Soy propietario \">Soy propietario <\/option><option value=\" Soy agente inmobiliario\">Soy agente inmobiliario <\/option>            <\/select>\n        <\/div>\n                            <\/div>\n\n                                        <div class=\"elementor-field-group elementor-column form-group elementor-field-group-cc6b92f elementor-col-50 elementor-field-required\">\n                    <input type=\"text\" name=\"name\" id=\"form-field-cc6b92f\" class=\"elementor-field form-control elementor-size-md elementor-field-textual\" placeholder=\"Nombre\" title=\"* Nombre\" required=\"required\">                    <\/div>\n\n                                        <div class=\"elementor-field-group elementor-column form-group elementor-field-group-932d82c elementor-col-50 elementor-field-required\">\n                    <input type=\"email\" name=\"email\" id=\"form-field-932d82c\" class=\"elementor-field form-control elementor-size-md elementor-field-textual\" placeholder=\"Email \" title=\"* Email \" required=\"required\">                    <\/div>\n\n                                        <div class=\"elementor-field-group elementor-column form-group elementor-field-group-304b68f elementor-col-50 elementor-field-required\">\n                    <input type=\"text\" name=\"mobile\" id=\"form-field-304b68f\" class=\"elementor-field form-control elementor-size-md elementor-field-textual\" placeholder=\"Tel\u00e9fono\" title=\"* Tel\u00e9fono\" required=\"required\">                    <\/div>\n\n                                        <div class=\"elementor-field-group elementor-column form-group elementor-field-group-bf1d035 elementor-col-33 elementor-field-required\">\n                    <label for=\"form-field-bf1d035\" class=\"form-label elementor-field-label\">Provincia<\/label>        <div class=\"elementor-field elementor-select-wrapper\">\n            <select name=\"e_meta[city]\" id=\"form-field-bf1d035\" class=\"elementor-field-textual form-control elementor-size-md\" required=\"required\" title=\"* Provincia\">\n                <option value=\"\">Selecciona la provincia<\/option><option data-ref=\"a-coruna\" data-belong=\"\" value=\"a-coruna\"> A Coru\u00f1a<\/option><option data-ref=\"alava\" data-belong=\"\" value=\"alava\"> \u00c1lava<\/option><option data-ref=\"albacete\" data-belong=\"\" value=\"albacete\"> Albacete<\/option><option data-ref=\"alicante\" data-belong=\"\" value=\"alicante\"> Alicante<\/option><option data-ref=\"almeria\" data-belong=\"\" value=\"almeria\"> Almer\u00eda<\/option><option data-ref=\"asturias\" data-belong=\"\" value=\"asturias\"> Asturias<\/option><option data-ref=\"avila\" data-belong=\"\" value=\"avila\"> \u00c1vila<\/option><option data-ref=\"badajoz\" data-belong=\"\" value=\"badajoz\"> Badajoz<\/option><option data-ref=\"barcelona\" data-belong=\"\" value=\"barcelona\"> Barcelona<\/option><option data-ref=\"bizkaia\" data-belong=\"\" value=\"bizkaia\"> Bizkaia<\/option><option data-ref=\"burgos\" data-belong=\"\" value=\"burgos\"> Burgos<\/option><option data-ref=\"caceres\" data-belong=\"\" value=\"caceres\"> C\u00e1ceres<\/option><option data-ref=\"cadiz\" data-belong=\"\" value=\"cadiz\"> C\u00e1diz<\/option><option data-ref=\"castellon\" data-belong=\"\" value=\"castellon\"> Castell\u00f3n<\/option><option data-ref=\"ceuta\" data-belong=\"\" value=\"ceuta\"> Ceuta<\/option><option data-ref=\"ciudad-real\" data-belong=\"\" value=\"ciudad-real\"> Ciudad Real<\/option><option data-ref=\"cordoba\" data-belong=\"\" value=\"cordoba\"> C\u00f3rdoba<\/option><option data-ref=\"cuenca\" data-belong=\"\" value=\"cuenca\"> Cuenca<\/option><option data-ref=\"gipuzkoa\" data-belong=\"\" value=\"gipuzkoa\"> Gipuzkoa<\/option><option data-ref=\"girona\" data-belong=\"\" value=\"girona\"> Girona<\/option><option data-ref=\"granada\" data-belong=\"\" value=\"granada\"> Granada<\/option><option data-ref=\"guadalajara\" data-belong=\"\" value=\"guadalajara\"> Guadalajara<\/option><option data-ref=\"huelva\" data-belong=\"\" value=\"huelva\"> Huelva<\/option><option data-ref=\"huesca\" data-belong=\"\" value=\"huesca\"> Huesca<\/option><option data-ref=\"islas-baleares\" data-belong=\"\" value=\"islas-baleares\"> Islas Baleares<\/option><option data-ref=\"jaen\" data-belong=\"\" value=\"jaen\"> Ja\u00e9n<\/option><option data-ref=\"la-rioja\" data-belong=\"\" value=\"la-rioja\"> La Rioja<\/option><option data-ref=\"las-palmas\" data-belong=\"\" value=\"las-palmas\"> Las Palmas<\/option><option data-ref=\"leon\" data-belong=\"\" value=\"leon\"> Le\u00f3n<\/option><option data-ref=\"lleida\" data-belong=\"\" value=\"lleida\"> Lleida<\/option><option data-ref=\"lugo\" data-belong=\"\" value=\"lugo\"> Lugo<\/option><option data-ref=\"madrid\" data-belong=\"\" value=\"madrid\"> Madrid<\/option><option data-ref=\"malaga\" data-belong=\"\" value=\"malaga\"> M\u00e1laga<\/option><option data-ref=\"melilla\" data-belong=\"\" value=\"melilla\"> Melilla<\/option><option data-ref=\"murcia\" data-belong=\"\" value=\"murcia\"> Murcia<\/option><option data-ref=\"navarra\" data-belong=\"\" value=\"navarra\"> Navarra<\/option><option data-ref=\"ourense\" data-belong=\"\" value=\"ourense\"> Ourense<\/option><option data-ref=\"palencia\" data-belong=\"\" value=\"palencia\"> Palencia<\/option><option data-ref=\"pontevedra\" data-belong=\"\" value=\"pontevedra\"> Pontevedra<\/option><option data-ref=\"salamanca\" data-belong=\"\" value=\"salamanca\"> Salamanca<\/option><option data-ref=\"santa-cruz-de-tenerife\" data-belong=\"\" value=\"santa-cruz-de-tenerife\"> Santa Cruz de Tenerife<\/option><option data-ref=\"segovia\" data-belong=\"\" value=\"segovia\"> Segovia<\/option><option data-ref=\"sevilla\" data-belong=\"\" value=\"sevilla\"> Sevilla<\/option><option data-ref=\"soria\" data-belong=\"\" value=\"soria\"> Soria<\/option><option data-ref=\"tarragona\" data-belong=\"\" value=\"tarragona\"> Tarragona<\/option><option data-ref=\"teruel\" data-belong=\"\" value=\"teruel\"> Teruel<\/option><option data-ref=\"toledo\" data-belong=\"\" value=\"toledo\"> Toledo<\/option><option data-ref=\"valencia\" data-belong=\"\" value=\"valencia\"> Valencia<\/option><option data-ref=\"valladolid\" data-belong=\"\" value=\"valladolid\"> Valladolid<\/option><option data-ref=\"zamora\" data-belong=\"\" value=\"zamora\"> Zamora<\/option><option data-ref=\"zaragoza\" data-belong=\"\" value=\"zaragoza\"> Zaragoza<\/option>            <\/select>\n        <\/div>\n                            <\/div>\n\n                                        <div class=\"elementor-field-group elementor-column form-group elementor-field-group-f0ee6fc elementor-col-50 elementor-field-required\">\n                    <input type=\"text\" name=\"e_meta[zipcode]\" id=\"form-field-f0ee6fc\" class=\"elementor-field form-control elementor-size-md elementor-field-textual\" placeholder=\"C\u00f3digo postal\" title=\"* C\u00f3digo postal\" required=\"required\">                    <\/div>\n\n                                        <div class=\"elementor-field-group elementor-column form-group elementor-field-group-c549d17 elementor-col-50 elementor-field-required\">\n                    <input type=\"number\" name=\"e_meta[price]\" id=\"form-field-c549d17\" class=\"elementor-field form-control elementor-size-md elementor-field-textual\" placeholder=\"Tu precio no negociable de venta\" title=\"* Tu precio no negociable de venta\" required=\"required\" min=\"0\">                    <\/div>\n\n                                        <div class=\"elementor-field-group elementor-column form-group elementor-field-group-66cc0de elementor-col-50 elementor-field-required\">\n                    <input type=\"number\" name=\"e_meta[beds]\" id=\"form-field-66cc0de\" class=\"elementor-field form-control elementor-size-md elementor-field-textual\" placeholder=\"Numeros de Habitaciones\" title=\"* Numeros de Habitaciones\" required=\"required\" min=\"0\">                    <\/div>\n\n                                        <div class=\"elementor-field-group elementor-column form-group elementor-field-group-dea086f elementor-col-50 elementor-field-required\">\n                    <input type=\"number\" name=\"e_meta[baths]\" id=\"form-field-dea086f\" class=\"elementor-field form-control elementor-size-md elementor-field-textual\" placeholder=\"Numero de Ba\u00f1os\" title=\"* Numero de Ba\u00f1os\" required=\"required\" min=\"0\">                    <\/div>\n\n                                        <div class=\"elementor-field-group elementor-column form-group elementor-field-group-e08cbcb elementor-col-50 elementor-field-required\">\n                    <input type=\"number\" name=\"e_meta[area-size]\" id=\"form-field-e08cbcb\" class=\"elementor-field form-control elementor-size-md elementor-field-textual\" placeholder=\"Dimensiones (m3)\" title=\"* Dimensiones (m3)\" required=\"required\" min=\"0\">                    <\/div>\n\n                                        <div class=\"elementor-field-group elementor-column form-group elementor-field-group-95c61a9 elementor-col-100\">\n                    <label for=\"form-field-95c61a9\" class=\"form-label elementor-field-label\">Mensaje<\/label><textarea class=\"elementor-field-textual elementor-field elementor-size-md\" name=\"message\" id=\"form-field-95c61a9\" rows=\"4\"><\/textarea>                    <\/div>\n\n                    \n                    \n                                        <div class=\"form-group elementor-field-group elementor-col-100\">\n                        <label class=\"control control--checkbox m-0 \">\n                                                        <input  type=\"checkbox\" name=\"gdpr_agreement\" id=\"gdpr_agreement\" aria-required=\"true\">\n                            <span class=\"control__indicator\"><\/span>\n                                                        <div class=\"gdpr-text-wrap\">\n                            Acepto la Pol\u00edtica de Privacidad y doy mi consentimiento para el tratamiento de mis datos.                            <\/div>\n                            \n                        <\/label>\n                    <\/div><!-- form-group -->\n                    \n                    \n                    \n                    <div class=\"elementor-field-group elementor-column elementor-field-type-submit elementor-col-100\">\n                    <button type=\"submit\" class=\"houzez-submit-button houzez-contact-form-js elementor-button elementor-size-md\">\n                        <i class=\"houzez-loader-js houzez-hidden spinner-border spinner-border-sm\"><\/i>\n                                                    Enviar                                            <\/button>\n                <\/div>\n            <\/div><!-- End wrapper-->\n            <br\/>\n            <div class=\"ele-form-messages\"><\/div>\n            <div class=\"error-container\"><\/div>\n\n        <\/form>\n\n    \t\t\t\t<\/div>\n\t\t\t\t<\/div>\n\t\t\t\t<div class=\"elementor-element elementor-element-950a4bc elementor-widget elementor-widget-spacer\" data-id=\"950a4bc\" data-element_type=\"widget\" data-e-type=\"widget\" data-widget_type=\"spacer.default\">\n\t\t\t\t\t\t\t<div class=\"elementor-spacer\">\n\t\t\t<div class=\"elementor-spacer-inner\"><\/div>\n\t\t<\/div>\n\t\t\t\t\t\t<\/div>\n\t\t\t\t\t<\/div>\n\t\t<\/div>\n\t\t\t\t\t<\/div>\n\t\t<\/section>\n\t\t\t\t<\/div>\n\t\t","protected":false},"excerpt":{"rendered":"<p>\u00bfCu\u00e1nto vale mi casa? Obt\u00e9n una valoraci\u00f3n precisa de tu propiedad en pocos minutos. Nuestro equipo de expertos analizar\u00e1 el mercado actual para darte el precio real de venta. Tipo de Propiedad Casa Chalet Edificio Local Comercial Oficina Parking Piso Terreno Informaci\u00f3n Yo soySoy propietario Soy agente inmobiliario Provincia Selecciona la provincia A Coru\u00f1a \u00c1lava [&hellip;]<\/p>\n","protected":false},"author":1,"featured_media":0,"parent":0,"menu_order":0,"comment_status":"closed","ping_status":"closed","template":"elementor_header_footer","meta":{"_uag_custom_page_level_css":"","footnotes":""},"class_list":["post-7942","page","type-page","status-publish","hentry"],"aioseo_notices":[],"uagb_featured_image_src":{"full":false,"thumbnail":false,"medium":false,"medium_large":false,"large":false,"1536x1536":false,"2048x2048":false,"trp-custom-language-flag":false,"houzez-gallery":false,"houzez-top-v7":false,"houzez-item-image-6":false},"uagb_author_info":{"display_name":"adriandiblasi88@gmail.com","author_link":"https:\/\/armirealestate.com\/en\/author\/adriandiblasi88gmail-com\/"},"uagb_comment_info":0,"uagb_excerpt":"\u00bfCu\u00e1nto vale mi casa? Obt\u00e9n una valoraci\u00f3n precisa de tu propiedad en pocos minutos. Nuestro equipo de expertos analizar\u00e1 el mercado actual para darte el precio real de venta. Tipo de Propiedad Casa Chalet Edificio Local Comercial Oficina Parking Piso Terreno Informaci\u00f3n Yo soySoy propietario Soy agente inmobiliario Provincia Selecciona la provincia A Coru\u00f1a \u00c1lava&hellip;","_links":{"self":[{"href":"https:\/\/armirealestate.com\/en\/wp-json\/wp\/v2\/pages\/7942","targetHints":{"allow":["GET"]}}],"collection":[{"href":"https:\/\/armirealestate.com\/en\/wp-json\/wp\/v2\/pages"}],"about":[{"href":"https:\/\/armirealestate.com\/en\/wp-json\/wp\/v2\/types\/page"}],"author":[{"embeddable":true,"href":"https:\/\/armirealestate.com\/en\/wp-json\/wp\/v2\/users\/1"}],"replies":[{"embeddable":true,"href":"https:\/\/armirealestate.com\/en\/wp-json\/wp\/v2\/comments?post=7942"}],"version-history":[{"count":15,"href":"https:\/\/armirealestate.com\/en\/wp-json\/wp\/v2\/pages\/7942\/revisions"}],"predecessor-version":[{"id":9057,"href":"https:\/\/armirealestate.com\/en\/wp-json\/wp\/v2\/pages\/7942\/revisions\/9057"}],"wp:attachment":[{"href":"https:\/\/armirealestate.com\/en\/wp-json\/wp\/v2\/media?parent=7942"}],"curies":[{"name":"wp","href":"https:\/\/api.w.org\/{rel}","templated":true}]}}