{"id":1667,"date":"2025-10-05T18:17:57","date_gmt":"2025-10-05T18:17:57","guid":{"rendered":"https:\/\/armirealestate.com\/faq\/"},"modified":"2026-03-29T21:03:56","modified_gmt":"2026-03-29T21:03:56","slug":"preguntas-frecuentes","status":"publish","type":"page","link":"https:\/\/armirealestate.com\/en\/preguntas-frecuentes\/","title":{"rendered":"FAQa"},"content":{"rendered":"<div data-elementor-type=\"wp-page\" data-elementor-id=\"1667\" class=\"elementor elementor-1667\" data-elementor-post-type=\"page\">\n\t\t\t\t<div class=\"elementor-element elementor-element-4e55d8a6 e-flex e-con-boxed e-con e-parent\" data-id=\"4e55d8a6\" data-element_type=\"container\" data-e-type=\"container\">\n\t\t\t\t\t<div class=\"e-con-inner\">\n\t\t\t\t<div class=\"elementor-element elementor-element-672c6434 elementor-widget elementor-widget-text-editor\" data-id=\"672c6434\" data-element_type=\"widget\" data-e-type=\"widget\" data-widget_type=\"text-editor.default\">\n\t\t\t\t\t\t\t\t\t\n<div class=\"wp-block-uagb-container uagb-block-7644e7bd alignfull uagb-is-root-container\">\n<div class=\"uagb-container-inner-blocks-wrap\">\n<div class=\"wp-block-uagb-advanced-heading uagb-block-91a347dc\">\n<h2 class=\"uagb-heading-text\">FAQ<\/h2>\n<div class=\"uagb-separator\">\u00a0<\/div>\n<\/div>\n<\/div>\n<\/div>\n\n<div class=\"wp-block-uagb-container uagb-block-e216c6a7 alignfull uagb-is-root-container\">\n<div class=\"uagb-container-inner-blocks-wrap\">\n<div class=\"wp-block-uagb-info-box uagb-block-a41ae806 uagb-infobox__content-wrap  uagb-infobox-icon-above-title uagb-infobox-image-valign-top wp-block-uagb-info-box--has-margin\">\n<div class=\"uagb-infobox-margin-wrapper\">\n<div class=\"uagb-ifb-content\">\n<div class=\"uagb-ifb-title-wrap\">\n<h6 class=\"uagb-ifb-title-prefix\">FAQ<\/h6>\n<h2 class=\"uagb-ifb-title\">preguntas frecuentes<\/h2>\n<\/div>\n<div class=\"uagb-ifb-separator\">\u00a0<\/div>\n<\/div>\n<\/div>\n<\/div>\n\n<div class=\"wp-block-uagb-container uagb-block-d2d9b30e alignfull uagb-is-root-container\">\n<div class=\"uagb-container-inner-blocks-wrap\">\n<div class=\"wp-block-uagb-container uagb-block-41f7cccb\">\n<div class=\"wp-block-uagb-advanced-heading uagb-block-c1cd2d0f\">\n<h5 class=\"uagb-heading-text\">\u00bfCu\u00e1l es el principal beneficio de elegir ARMI frente a una inmobiliaria tradicional?<\/h5>\n<p class=\"uagb-desc-text\">La principal diferencia es nuestra <strong>estrategia de captaci\u00f3n activa<\/strong>. Una inmobiliaria tradicional &#8220;publica y espera&#8221;. ARMI <strong>invierte activamente<\/strong> en la promoci\u00f3n de su propiedad utilizando <em>embudos de ventas<\/em> y <em>marketing digital segmentado<\/em> para poner su inmueble directamente frente a <strong>compradores e inversores cualificados a nivel global<\/strong>. Esto se traduce en una venta m\u00e1s r\u00e1pida y al precio \u00f3ptimo.<\/p>\n<\/div>\n\n<div class=\"wp-block-uagb-advanced-heading uagb-block-a83f46a5\">\n<h5 class=\"uagb-heading-text\">\u00bfCu\u00e1nto tiempo tarda el proceso de venta con ARMI?<\/h5>\n<p class=\"uagb-desc-text\">El tiempo de venta depende de muchos factores (precio, ubicaci\u00f3n, mercado), pero nuestro enfoque en la <strong>atracci\u00f3n de demanda cualificada<\/strong> tiende a <strong>acortar significativamente<\/strong> los plazos. Nuestra estrategia est\u00e1 dise\u00f1ada para validar el precio con datos y activar la venta r\u00e1pidamente para evitar el &#8220;desgaste&#8221; de la propiedad en el mercado.<\/p>\n<\/div>\n\n<div class=\"wp-block-uagb-advanced-heading uagb-block-edfa28fb\">\n<h5 class=\"uagb-heading-text\">\u00bfQu\u00e9 alcance tiene ARMI para encontrar compradores?<\/h5>\n<p class=\"uagb-desc-text\">Gracias a nuestra red de <strong>alianzas y estrategias digitales<\/strong>, nuestro alcance es <strong>global<\/strong>. No nos limitamos a los compradores locales. Atraemos inversores y compradores cualificados de diferentes pa\u00edses, especialmente de aquellas regiones con alto inter\u00e9s en el mercado inmobiliario que usted vende.<\/p>\n<\/div>\n\n<div class=\"wp-block-uagb-advanced-heading uagb-block-0568cc09\">\n<h5 class=\"uagb-heading-text\">\u00bfPuedo ver qu\u00e9 tipo de marketing est\u00e1n haciendo por mi propiedad? \u00bfHay transparencia?<\/h5>\n<p class=\"uagb-desc-text\"><strong>Absolutamente.<\/strong> La transparencia es un pilar de ARMI. A diferencia del modelo tradicional, le proporcionamos <strong>informes peri\u00f3dicos de rendimiento<\/strong> de las campa\u00f1as de marketing digital, sabiendo exactamente cu\u00e1ntas personas han visto su propiedad, cu\u00e1ntos leads hemos generado y la evoluci\u00f3n de la demanda. Usted siempre est\u00e1 al tanto de la estrategia.<\/p>\n<\/div>\n<\/div>\n\n<div class=\"wp-block-uagb-container uagb-block-9d964a98\">\n<div class=\"wp-block-uagb-advanced-heading uagb-block-650ca18b\">\n<h5 class=\"uagb-heading-text\">\u00bfPor qu\u00e9 es necesario invertir en marketing digital? \u00bfNo basta con los portales inmobiliarios?<\/h5>\n<p class=\"uagb-desc-text\">Los portales inmobiliarios son necesarios, pero pasivos. Invertir en marketing digital (como hacemos en ARMI) significa que no esperamos a que un comprador busque su propiedad; <strong>hacemos que su propiedad encuentre al comprador ideal<\/strong>. Utilizamos anuncios segmentados en plataformas clave para generar demanda y competencia por su inmueble, en lugar de solo listar la oferta.<\/p>\n<\/div>\n\n<div class=\"wp-block-uagb-advanced-heading uagb-block-8aef1cc5\">\n<h5 class=\"uagb-heading-text\">\u00bfC\u00f3mo determinan el precio de mi propiedad?<\/h5>\n<p class=\"uagb-desc-text\">En ARMI, el precio se establece mediante un <strong>an\u00e1lisis de Big Data y m\u00e9tricas de mercado en tiempo real<\/strong>, no por intuici\u00f3n. Utilizamos tecnolog\u00eda avanzada para comparar su propiedad con ventas recientes y propiedades en competencia. Esto garantiza que su tasaci\u00f3n sea <strong>precisa y atractiva<\/strong> para el comprador cualificado, evitando precios inflados que solo hacen perder tiempo.<\/p>\n<\/div>\n\n<div class=\"wp-block-uagb-advanced-heading uagb-block-62ba4345\">\n<h5 class=\"uagb-heading-text\">\u00bfQu\u00e9 ocurre si mi propiedad ya est\u00e1 anunciada con otra agencia?<\/h5>\n<p class=\"uagb-desc-text\">En ARMI, operamos bajo acuerdos de colaboraci\u00f3n y exclusividad que respetan su situaci\u00f3n actual. Le recomendamos revisar su acuerdo existente. Si es posible, podemos dise\u00f1ar una <strong>estrategia de marketing superior<\/strong> a la que recibe actualmente. Siempre trabajaremos de manera \u00e9tica y transparente, respetando los compromisos contractuales que usted tenga.<\/p>\n<\/div>\n\n<div class=\"wp-block-uagb-advanced-heading uagb-block-cef0d95c\">\n<h5 class=\"uagb-heading-text\">\u00bfMi propiedad es de alto valor\/lujo? \u00bfSirve este enfoque digital?<\/h5>\n<p class=\"uagb-desc-text\"><strong>S\u00ed, y es a\u00fan m\u00e1s necesario.<\/strong> Nuestro marketing segmentado es ideal para propiedades de alto valor porque nos permite dirigirnos espec\u00edficamente a nichos de compradores e inversores con el poder adquisitivo y el perfil exacto que su propiedad requiere, asegurando una <strong>presentaci\u00f3n sofisticada y exclusiva<\/strong>.<\/p>\n<\/div>\n<\/div>\n<\/div>\n<\/div>\n<\/div>\n<\/div>\n\n<div class=\"wp-block-uagb-container uagb-block-2233cea6 alignfull uagb-is-root-container\">\n<div class=\"uagb-container-inner-blocks-wrap\">\n<div class=\"wp-block-uagb-icon-list uagb-block-4f4ffc1f\">\n<div class=\"uagb-icon-list__wrap\">\n<div class=\"wp-block-uagb-icon-list-child uagb-block-4e84dbde\"><span class=\"uagb-icon-list__label\">+34 604 99 23 71<\/span><\/div>\n<\/div>\n<\/div>\n\n<div class=\"wp-block-uagb-info-box uagb-block-79017b13 uagb-infobox__content-wrap  uagb-infobox-icon-above-title uagb-infobox-image-valign-top wp-block-uagb-info-box--has-margin\">\n<div class=\"uagb-infobox-margin-wrapper\">\n<div class=\"uagb-ifb-content\">\n<div class=\"uagb-ifb-title-wrap\">\n<h2 class=\"uagb-ifb-title\"><strong>Es hora de vender de forma inteligente<\/strong><\/h2>\n<\/div>\n<div class=\"uagb-ifb-separator\">\u00a0<\/div>\n<p class=\"uagb-ifb-desc\">Su propiedad merece una estrategia que invierta activamente en su \u00e9xito. En <strong>ARMI Real Estate<\/strong>, combinamos la <strong>potencia del marketing digital global<\/strong> con la <strong>precisi\u00f3n de los datos<\/strong> para garantizarle una venta r\u00e1pida, eficiente y al precio \u00f3ptimo.<\/p>\n<div class=\"uagb-ifb-button-wrapper wp-block-button\"><a class=\"uagb-infobox-cta-link wp-block-button__link\" href=\"https:\/\/armirealestate.com\/en\/#tasacion-gratuita\" target=\"_self\" rel=\"noopener noreferrer\"><span class=\"uagb-inline-editing\">Quiero una Tasaci\u00f3n Gratuita<\/span><\/a><\/div>\n<\/div>\n<\/div>\n<\/div>\n<\/div>\n<\/div>\n\t\t\t\t\t\t\t\t<\/div>\n\t\t\t\t\t<\/div>\n\t\t\t\t<\/div>\n\t\t\t\t<\/div>","protected":false},"excerpt":{"rendered":"<p>FAQ \u00a0 \u00bfCu\u00e1l es el principal beneficio de elegir ARMI frente a una inmobiliaria tradicional? La principal diferencia es nuestra estrategia de captaci\u00f3n activa. Una inmobiliaria tradicional &#8220;publica y espera&#8221;. ARMI invierte activamente en la promoci\u00f3n de su propiedad utilizando embudos de ventas y marketing digital segmentado para poner su inmueble directamente frente a compradores [&hellip;]<\/p>\n","protected":false},"author":1,"featured_media":0,"parent":0,"menu_order":0,"comment_status":"closed","ping_status":"closed","template":"elementor_header_footer","meta":{"_uag_custom_page_level_css":"","footnotes":""},"class_list":["post-1667","page","type-page","status-publish","hentry"],"aioseo_notices":[],"uagb_featured_image_src":{"full":false,"thumbnail":false,"medium":false,"medium_large":false,"large":false,"1536x1536":false,"2048x2048":false,"trp-custom-language-flag":false,"houzez-gallery":false,"houzez-top-v7":false,"houzez-item-image-6":false},"uagb_author_info":{"display_name":"adriandiblasi88@gmail.com","author_link":"https:\/\/armirealestate.com\/en\/author\/adriandiblasi88gmail-com\/"},"uagb_comment_info":0,"uagb_excerpt":"FAQ \u00a0 \u00bfCu\u00e1l es el principal beneficio de elegir ARMI frente a una inmobiliaria tradicional? La principal diferencia es nuestra estrategia de captaci\u00f3n activa. Una inmobiliaria tradicional &#8220;publica y espera&#8221;. ARMI invierte activamente en la promoci\u00f3n de su propiedad utilizando embudos de ventas y marketing digital segmentado para poner su inmueble directamente frente a compradores&hellip;","_links":{"self":[{"href":"https:\/\/armirealestate.com\/en\/wp-json\/wp\/v2\/pages\/1667","targetHints":{"allow":["GET"]}}],"collection":[{"href":"https:\/\/armirealestate.com\/en\/wp-json\/wp\/v2\/pages"}],"about":[{"href":"https:\/\/armirealestate.com\/en\/wp-json\/wp\/v2\/types\/page"}],"author":[{"embeddable":true,"href":"https:\/\/armirealestate.com\/en\/wp-json\/wp\/v2\/users\/1"}],"replies":[{"embeddable":true,"href":"https:\/\/armirealestate.com\/en\/wp-json\/wp\/v2\/comments?post=1667"}],"version-history":[{"count":10,"href":"https:\/\/armirealestate.com\/en\/wp-json\/wp\/v2\/pages\/1667\/revisions"}],"predecessor-version":[{"id":9177,"href":"https:\/\/armirealestate.com\/en\/wp-json\/wp\/v2\/pages\/1667\/revisions\/9177"}],"wp:attachment":[{"href":"https:\/\/armirealestate.com\/en\/wp-json\/wp\/v2\/media?parent=1667"}],"curies":[{"name":"wp","href":"https:\/\/api.w.org\/{rel}","templated":true}]}}